{"id":29717,"date":"2024-02-09T15:13:00","date_gmt":"2024-02-09T14:13:00","guid":{"rendered":"https:\/\/www.arc-data-shield.fr\/?page_id=29717"},"modified":"2024-02-17T14:54:38","modified_gmt":"2024-02-17T13:54:38","slug":"mentions-legales","status":"publish","type":"page","link":"https:\/\/www.arc-data-shield.fr\/en\/mentions-legales\/","title":{"rendered":"LEGAL NOTICE"},"content":{"rendered":"<p>[et_pb_section fb_built=\u00a0\u00bb1&Prime; _builder_version=\u00a0\u00bb4.23.3&Prime; _module_preset=\u00a0\u00bbdefault\u00a0\u00bb global_colors_info=\u00a0\u00bb{}\u00a0\u00bb][et_pb_row _builder_version=\u00a0\u00bb4.23.3&Prime; _module_preset=\u00a0\u00bbdefault\u00a0\u00bb global_colors_info=\u00a0\u00bb{}\u00a0\u00bb][et_pb_column type=\u00a0\u00bb4_4&Prime; _builder_version=\u00a0\u00bb4.23.3&Prime; _module_preset=\u00a0\u00bbdefault\u00a0\u00bb global_colors_info=\u00a0\u00bb{}\u00a0\u00bb][et_pb_text _builder_version=\u00a0\u00bb4.23.3&Prime; _module_preset=\u00a0\u00bbdefault\u00a0\u00bb global_colors_info=\u00a0\u00bb{}\u00a0\u00bb]<\/p>\n<h1 style=\"text-align: center;\"><span style=\"font-size: xx-large;\">Mentions l\u00e9gales<br \/><\/span><\/h1>\n<p>[\/et_pb_text][et_pb_text _builder_version=\u00a0\u00bb4.23.3&Prime; _module_preset=\u00a0\u00bbdefault\u00a0\u00bb global_colors_info=\u00a0\u00bb{}\u00a0\u00bb]<\/p>\n<p style=\"text-align: justify;\"><strong>\u00c9diteur du site<\/strong><\/p>\n<p style=\"text-align: justify;\">Nom de la soci\u00e9t\u00e9 : ARC Data Shield SAS<br \/>Adresse de l&rsquo;\u00e9tablissement principal : 1 Rue du Ch\u00e2teau de Bel Air &#8211; 44470 CARQUEFOU<br \/>immatriculation: 913 002 754 Registre du Commerce et des Soci\u00e9t\u00e9 de Nantes<br \/>Repr\u00e9sentant l\u00e9gal : Arnaud COMBIER<\/p>\n<p style=\"text-align: justify;\"><strong>H\u00e9bergement du site<\/strong><\/p>\n<p style=\"text-align: justify;\">Nom de l&rsquo;h\u00e9bergeur : Infomaniak Ntework SA<\/p>\n<p style=\"text-align: justify;\">Adresse de l&rsquo;h\u00e9bergeur : Rue Eug\u00e8ne Marziano 25 &#8211; 1227 Les Acacia, Gen\u00e8ve, Suisse<\/p>\n<p style=\"text-align: justify;\">Immatriculation: CH-660.0.059.996-1 Registre du Commerce du Canton de Gen\u00e8ve, Suisse<\/p>\n<p style=\"text-align: justify;\"><strong>Protection et traitement des donn\u00e9es personnelles<\/strong><\/p>\n<p style=\"text-align: justify;\">Respect de la vie priv\u00e9e et des donn\u00e9es personnelles :<br \/>Les donn\u00e9es recueillies par ARC Data Shield sont exclusivement destin\u00e9es \u00e0 un usage interne et ne sont en aucun cas c\u00e9d\u00e9es ou vendues \u00e0 des tiers. Conform\u00e9ment au R\u00e8glement g\u00e9n\u00e9ral sur la protection des donn\u00e9es (RGPD), vous disposez d&rsquo;un droit d&rsquo;acc\u00e8s, de rectification, et de suppression des informations personnelles qui vous concernent en nous contactant \u00e0 l&rsquo;adresse mentionn\u00e9e ci-dessus.<\/p>\n<p style=\"text-align: justify;\"><strong>Cookies<\/strong><\/p>\n<p style=\"text-align: justify;\">Le site <a href=\"https:\/\/www.arc-data-shield.fr\">www.arc-data-shield.fr<\/a> peut avoir recours \u00e0 l&rsquo;usage de cookies, destin\u00e9s \u00e0 stocker des informations identifiant le visiteur durant la consultation du site web afin d&rsquo;am\u00e9liorer l&rsquo;exp\u00e9rience utilisateur. Vous avez la possibilit\u00e9 de d\u00e9sactiver les cookies dans les param\u00e8tres de votre navigateur internet.<\/p>\n<p style=\"text-align: justify;\"><strong>Propri\u00e9t\u00e9 intellectuelle<\/strong><\/p>\n<p style=\"text-align: justify;\">Le contenu de ce site, incluant, sans limitation, les textes, graphiques, images, logos, et ic\u00f4nes, sont la propri\u00e9t\u00e9 de ARC Data Shield et sont prot\u00e9g\u00e9s par le droit d&rsquo;auteur et d&rsquo;autres lois relatives \u00e0 la propri\u00e9t\u00e9 intellectuelle. Toute utilisation, reproduction, diffusion, commercialisation, modification de tout ou partie du site, sans autorisation de ARC Data Shield SAS est prohib\u00e9e et peut conduire \u00e0 des actions et poursuites judiciaires telles que pr\u00e9vues par la l\u00e9gislation en vigueur.<\/p>\n<p>[\/et_pb_text][\/et_pb_column][\/et_pb_row][\/et_pb_section]<\/p>\n","protected":false},"excerpt":{"rendered":"<p>Mentions l\u00e9gales\u00c9diteur du site Nom de la soci\u00e9t\u00e9 : ARC Data Shield SASAdresse de l&rsquo;\u00e9tablissement principal : 1 Rue du Ch\u00e2teau de Bel Air &#8211; 44470 CARQUEFOUimmatriculation: 913 002 754 Registre du Commerce et des Soci\u00e9t\u00e9 de NantesRepr\u00e9sentant l\u00e9gal : Arnaud COMBIER H\u00e9bergement du site Nom de l&rsquo;h\u00e9bergeur : Infomaniak Ntework SA Adresse de l&rsquo;h\u00e9bergeur [&hellip;]<\/p>\n","protected":false},"author":1,"featured_media":0,"parent":0,"menu_order":0,"comment_status":"closed","ping_status":"closed","template":"","meta":{"_et_pb_use_builder":"on","_et_pb_old_content":"","_et_gb_content_width":"","footnotes":""},"class_list":["post-29717","page","type-page","status-publish","hentry"],"_links":{"self":[{"href":"https:\/\/www.arc-data-shield.fr\/en\/wp-json\/wp\/v2\/pages\/29717","targetHints":{"allow":["GET"]}}],"collection":[{"href":"https:\/\/www.arc-data-shield.fr\/en\/wp-json\/wp\/v2\/pages"}],"about":[{"href":"https:\/\/www.arc-data-shield.fr\/en\/wp-json\/wp\/v2\/types\/page"}],"author":[{"embeddable":true,"href":"https:\/\/www.arc-data-shield.fr\/en\/wp-json\/wp\/v2\/users\/1"}],"replies":[{"embeddable":true,"href":"https:\/\/www.arc-data-shield.fr\/en\/wp-json\/wp\/v2\/comments?post=29717"}],"version-history":[{"count":4,"href":"https:\/\/www.arc-data-shield.fr\/en\/wp-json\/wp\/v2\/pages\/29717\/revisions"}],"predecessor-version":[{"id":29733,"href":"https:\/\/www.arc-data-shield.fr\/en\/wp-json\/wp\/v2\/pages\/29717\/revisions\/29733"}],"wp:attachment":[{"href":"https:\/\/www.arc-data-shield.fr\/en\/wp-json\/wp\/v2\/media?parent=29717"}],"curies":[{"name":"wp","href":"https:\/\/api.w.org\/{rel}","templated":true}]}}