{"id":30459,"date":"2025-06-11T18:46:04","date_gmt":"2025-06-11T16:46:04","guid":{"rendered":"https:\/\/www.arc-data-shield.fr\/?page_id=30459"},"modified":"2025-06-29T00:16:05","modified_gmt":"2025-06-28T22:16:05","slug":"industrie-ot","status":"publish","type":"page","link":"https:\/\/www.arc-data-shield.fr\/en\/industrie-ot\/","title":{"rendered":"INDUSTRY OT"},"content":{"rendered":"<p>[et_pb_section fb_built=\u00a0\u00bb1&Prime; fullwidth=\u00a0\u00bbon\u00a0\u00bb admin_label=\u00a0\u00bbSection\u00a0\u00bb _builder_version=\u00a0\u00bb4.27.4&Prime; background_enable_image=\u00a0\u00bboff\u00a0\u00bb custom_padding=\u00a0\u00bb0px|0px|0px|0px\u00a0\u00bb hover_enabled=\u00a0\u00bb0&Prime; transparent_background=\u00a0\u00bboff\u00a0\u00bb make_fullwidth=\u00a0\u00bboff\u00a0\u00bb use_custom_width=\u00a0\u00bboff\u00a0\u00bb width_unit=\u00a0\u00bboff\u00a0\u00bb custom_width_px=\u00a0\u00bb1080px\u00a0\u00bb custom_width_percent=\u00a0\u00bb80%\u00a0\u00bb global_colors_info=\u00a0\u00bb{}\u00a0\u00bb sticky_enabled=\u00a0\u00bb0&Prime;][et_pb_fullwidth_slider admin_label=\u00a0\u00bbCurseur de d\u00e9filement plein \u00e9cran\u00a0\u00bb _builder_version=\u00a0\u00bb4.27.4&Prime; _module_preset=\u00a0\u00bbdefault\u00a0\u00bb header_font=\u00a0\u00bb|||on|||||\u00a0\u00bb header_font_size=\u00a0\u00bb85px\u00a0\u00bb body_font_size=\u00a0\u00bb15px\u00a0\u00bb background_enable_image=\u00a0\u00bboff\u00a0\u00bb custom_padding=\u00a0\u00bb||230px|||\u00a0\u00bb animation_style=\u00a0\u00bbfade\u00a0\u00bb hover_enabled=\u00a0\u00bb0&Prime; global_colors_info=\u00a0\u00bb{}\u00a0\u00bb sticky_enabled=\u00a0\u00bb0&Prime;][et_pb_slide heading=\u00a0\u00bbINDUSTRIE OT\u00a0\u00bb _builder_version=\u00a0\u00bb4.27.4&Prime; _module_preset=\u00a0\u00bbdefault\u00a0\u00bb header_level=\u00a0\u00bbh2&Prime; header_font=\u00a0\u00bb|||on|||||\u00a0\u00bb header_text_color=\u00a0\u00bb#FFFFFF\u00a0\u00bb header_font_size=\u00a0\u00bb92px\u00a0\u00bb body_font=\u00a0\u00bb|800|||||||\u00a0\u00bb body_text_color=\u00a0\u00bb#FFFFFF\u00a0\u00bb body_font_size=\u00a0\u00bb72px\u00a0\u00bb body_letter_spacing=\u00a0\u00bb13px\u00a0\u00bb background_enable_color=\u00a0\u00bboff\u00a0\u00bb background_color_gradient_direction=\u00a0\u00bb331deg\u00a0\u00bb background_color_gradient_start=\u00a0\u00bb#0c1f3f\u00a0\u00bb background_color_gradient_end=\u00a0\u00bb#2e5cdb\u00a0\u00bb background_image=\u00a0\u00bbhttps:\/\/www.arc-data-shield.fr\/wp-content\/uploads\/2025\/06\/industrie.jpeg\u00a0\u00bb background_enable_image=\u00a0\u00bbon\u00a0\u00bb text_orientation=\u00a0\u00bbcenter\u00a0\u00bb background_layout=\u00a0\u00bblight\u00a0\u00bb child_filter_saturate=\u00a0\u00bb101%\u00a0\u00bb hover_enabled=\u00a0\u00bb0&Prime; global_colors_info=\u00a0\u00bb{}\u00a0\u00bb sticky_transition=\u00a0\u00bbon\u00a0\u00bb sticky_enabled=\u00a0\u00bb0&Prime;][\/et_pb_slide][\/et_pb_fullwidth_slider][\/et_pb_section][et_pb_section fb_built=\u00a0\u00bb1&Prime; _builder_version=\u00a0\u00bb4.27.4&Prime; _module_preset=\u00a0\u00bbdefault\u00a0\u00bb background_color=\u00a0\u00bb#404797&Prime; animation_style=\u00a0\u00bbfade\u00a0\u00bb animation_speed_curve=\u00a0\u00bbease-out\u00a0\u00bb hover_enabled=\u00a0\u00bb0&Prime; global_colors_info=\u00a0\u00bb{}\u00a0\u00bb sticky_enabled=\u00a0\u00bb0&Prime;][et_pb_row _builder_version=\u00a0\u00bb4.23.1&Prime; _module_preset=\u00a0\u00bbdefault\u00a0\u00bb global_colors_info=\u00a0\u00bb{}\u00a0\u00bb][et_pb_column type=\u00a0\u00bb4_4&Prime; _builder_version=\u00a0\u00bb4.23.1&Prime; _module_preset=\u00a0\u00bbdefault\u00a0\u00bb global_colors_info=\u00a0\u00bb{}\u00a0\u00bb][et_pb_text _builder_version=\u00a0\u00bb4.23.1&Prime; _module_preset=\u00a0\u00bbdefault\u00a0\u00bb text_font_size=\u00a0\u00bb16px\u00a0\u00bb text_orientation=\u00a0\u00bbcenter\u00a0\u00bb global_colors_info=\u00a0\u00bb{}\u00a0\u00bb]<\/p>\n<p data-start=\"193\" data-end=\"402\"><span style=\"color: #f9f9f9; font-size: xx-large;\"><strong data-start=\"193\" data-end=\"241\">Besoin de s\u00e9curiser vos actifs industriels ?<\/strong><\/span><\/p>\n<p data-start=\"193\" data-end=\"402\"><br data-start=\"241\" data-end=\"244\" \/><span style=\"color: #f9f9f9; font-size: large;\"><strong data-start=\"244\" data-end=\"263\">Digital Air Gap<\/strong> est une solution robuste qui assure un cloisonnement physique fiable et p\u00e9renne entre vos environnements sensibles et les r\u00e9seaux expos\u00e9s.<\/span><\/p>\n<p data-start=\"404\" data-end=\"667\"><span style=\"color: #f9f9f9; font-size: large;\">Vous identifiez un risque croissant sur vos lignes de production, vos syst\u00e8mes automatis\u00e9s ou vos donn\u00e9es techniques ?<\/span><br data-start=\"522\" data-end=\"525\" \/><span style=\"color: #f9f9f9; font-size: large;\"><strong data-start=\"525\" data-end=\"544\">Digital Air Gap<\/strong> s\u2019int\u00e8gre simplement dans votre architecture industrielle pour prot\u00e9ger vos actifs critiques sans impacter vos op\u00e9rations.<\/span><\/p>\n<p>[\/et_pb_text][\/et_pb_column][\/et_pb_row][et_pb_row column_structure=\u00a0\u00bb1_2,1_2&Prime; module_id=\u00a0\u00bb#protection-des-equipements-critiques\u00a0\u00bb _builder_version=\u00a0\u00bb4.27.4&Prime; _module_preset=\u00a0\u00bbdefault\u00a0\u00bb global_colors_info=\u00a0\u00bb{}\u00a0\u00bb][et_pb_column type=\u00a0\u00bb1_2&Prime; _builder_version=\u00a0\u00bb4.16&Prime; _module_preset=\u00a0\u00bbdefault\u00a0\u00bb global_colors_info=\u00a0\u00bb{}\u00a0\u00bb][et_pb_button button_url=\u00a0\u00bb#protection-des-equipements-critiques\u00a0\u00bb button_text=\u00a0\u00bbProtection des \u00e9quipements critiques\u00a0\u00bb button_alignment=\u00a0\u00bbcenter\u00a0\u00bb _builder_version=\u00a0\u00bb4.23.1&Prime; _module_preset=\u00a0\u00bbdefault\u00a0\u00bb custom_button=\u00a0\u00bbon\u00a0\u00bb button_text_size=\u00a0\u00bb22px\u00a0\u00bb background_layout=\u00a0\u00bbdark\u00a0\u00bb custom_margin=\u00a0\u00bb|||0px||\u00a0\u00bb custom_padding=\u00a0\u00bb|8px||||\u00a0\u00bb global_colors_info=\u00a0\u00bb{}\u00a0\u00bb][\/et_pb_button][\/et_pb_column][et_pb_column type=\u00a0\u00bb1_2&Prime; _builder_version=\u00a0\u00bb4.16&Prime; _module_preset=\u00a0\u00bbdefault\u00a0\u00bb global_colors_info=\u00a0\u00bb{}\u00a0\u00bb][et_pb_button button_url=\u00a0\u00bb#protection-des-sauvegardes\u00a0\u00bb button_text=\u00a0\u00bbProtection des sauvegardes industrielles\u00a0\u00bb button_alignment=\u00a0\u00bbcenter\u00a0\u00bb _builder_version=\u00a0\u00bb4.27.4&Prime; _module_preset=\u00a0\u00bbdefault\u00a0\u00bb custom_button=\u00a0\u00bbon\u00a0\u00bb button_text_size=\u00a0\u00bb22px\u00a0\u00bb background_layout=\u00a0\u00bbdark\u00a0\u00bb custom_margin=\u00a0\u00bb|||1px||\u00a0\u00bb custom_padding=\u00a0\u00bb||10px|||\u00a0\u00bb global_colors_info=\u00a0\u00bb{}\u00a0\u00bb][\/et_pb_button][\/et_pb_column][\/et_pb_row][\/et_pb_section][et_pb_section fb_built=\u00a0\u00bb1&Prime; _builder_version=\u00a0\u00bb4.16&Prime; _module_preset=\u00a0\u00bbdefault\u00a0\u00bb custom_margin=\u00a0\u00bb||3px|||\u00a0\u00bb custom_padding=\u00a0\u00bb||60px|||\u00a0\u00bb global_colors_info=\u00a0\u00bb{}\u00a0\u00bb][et_pb_row module_id=\u00a0\u00bbprotection-des-equipements-critiques\u00a0\u00bb _builder_version=\u00a0\u00bb4.23.1&Prime; _module_preset=\u00a0\u00bbdefault\u00a0\u00bb global_colors_info=\u00a0\u00bb{}\u00a0\u00bb][et_pb_column type=\u00a0\u00bb4_4&Prime; _builder_version=\u00a0\u00bb4.16&Prime; _module_preset=\u00a0\u00bbdefault\u00a0\u00bb global_colors_info=\u00a0\u00bb{}\u00a0\u00bb][et_pb_text _builder_version=\u00a0\u00bb4.23.3&Prime; _module_preset=\u00a0\u00bbdefault\u00a0\u00bb text_font_size=\u00a0\u00bb11px\u00a0\u00bb global_colors_info=\u00a0\u00bb{}\u00a0\u00bb]<\/p>\n<h1 style=\"text-align: left;\"><\/h1>\n<h3 style=\"text-align: center;\"><\/h3>\n<h2 style=\"text-align: center;\"><span style=\"font-size: xx-large;\"><strong>Protection des \u00e9quipements industriels critiques<\/strong><\/span><\/h2>\n<h3 style=\"text-align: center;\"><span class=\"markedContent\" style=\"font-size: large; color: rgba(51, 51, 51, 0.74);\"><span style=\"left: 94.8252px; top: 399.784px; font-family: sans-serif; transform: scaleX(1.1032);\" role=\"presentation\" dir=\"ltr\"><\/span><\/span><\/h3>\n<h3 style=\"text-align: center;\"><span class=\"markedContent\" style=\"font-size: large; color: rgba(51, 51, 51, 0.74);\"><span style=\"left: 94.8252px; top: 399.784px; font-family: sans-serif; transform: scaleX(1.1032);\" role=\"presentation\" dir=\"ltr\"><\/span><\/span><\/h3>\n<p><span class=\"markedContent\" style=\"font-size: large; color: rgba(51, 51, 51, 0.74);\"><\/span><\/p>\n<p><span class=\"markedContent\" style=\"font-size: large; color: rgba(51, 51, 51, 0.74);\"><\/span><\/p>\n<p data-start=\"172\" data-end=\"406\"><span style=\"font-size: large;\">Vos machines et \u00e9quipements de production sont au c\u0153ur de votre activit\u00e9. Une attaque cibl\u00e9e sur ces syst\u00e8mes pourrait interrompre vos op\u00e9rations et engendrer des pertes majeures.<\/span><\/p>\n<p data-start=\"172\" data-end=\"406\"><span style=\"font-size: large;\"><\/span><\/p>\n<p data-start=\"408\" data-end=\"662\"><span style=\"font-size: large;\"><strong data-start=\"408\" data-end=\"427\">Digital Air Gap<\/strong> permet d\u2019anticiper ce risque en assurant un cloisonnement physique en amont de vos \u00e9quipements critiques.<\/span><br data-start=\"533\" data-end=\"536\" \/><span style=\"font-size: large;\">Notre solution isole durablement vos actifs industriels et ne laisse passer que les \u00e9changes de donn\u00e9es strictement autoris\u00e9s.<\/span><\/p>\n<p>&nbsp;<\/p>\n<p style=\"text-align: left;\"><b><\/b><\/p>\n<p>[\/et_pb_text][et_pb_image src=\u00a0\u00bbhttps:\/\/www.arc-data-shield.fr\/wp-content\/uploads\/2024\/01\/Protection-ilots-Production.png\u00a0\u00bb title_text=\u00a0\u00bbProtection ilots Production\u00a0\u00bb align=\u00a0\u00bbcenter\u00a0\u00bb force_fullwidth=\u00a0\u00bbon\u00a0\u00bb disabled_on=\u00a0\u00bboff|off|off\u00a0\u00bb _builder_version=\u00a0\u00bb4.27.4&Prime; _module_preset=\u00a0\u00bbdefault\u00a0\u00bb custom_margin=\u00a0\u00bb|205px||96px|false|false\u00a0\u00bb custom_margin_tablet=\u00a0\u00bb|0px|0px|96px|false|false\u00a0\u00bb custom_margin_phone=\u00a0\u00bb2px|5px||5px|false|false\u00a0\u00bb custom_margin_last_edited=\u00a0\u00bbon|phone\u00a0\u00bb custom_padding=\u00a0\u00bb2px|10px|10px|3px|false|false\u00a0\u00bb global_colors_info=\u00a0\u00bb{}\u00a0\u00bb][\/et_pb_image][\/et_pb_column][\/et_pb_row][\/et_pb_section][et_pb_section fb_built=\u00a0\u00bb1&Prime; _builder_version=\u00a0\u00bb4.16&Prime; _module_preset=\u00a0\u00bbdefault\u00a0\u00bb min_height=\u00a0\u00bb859px\u00a0\u00bb custom_margin=\u00a0\u00bb||4px|||\u00a0\u00bb global_colors_info=\u00a0\u00bb{}\u00a0\u00bb][et_pb_row custom_padding_last_edited=\u00a0\u00bbon|phone\u00a0\u00bb module_id=\u00a0\u00bbprotection-des-sauvegardes\u00a0\u00bb _builder_version=\u00a0\u00bb4.25.1&Prime; _module_preset=\u00a0\u00bbdefault\u00a0\u00bb custom_margin_tablet=\u00a0\u00bb\u00a0\u00bb custom_margin_phone=\u00a0\u00bb-86px||||false|false\u00a0\u00bb custom_margin_last_edited=\u00a0\u00bbon|phone\u00a0\u00bb custom_padding_tablet=\u00a0\u00bb\u00a0\u00bb custom_padding_phone=\u00a0\u00bb\u00a0\u00bb global_colors_info=\u00a0\u00bb{}\u00a0\u00bb][et_pb_column type=\u00a0\u00bb4_4&Prime; _builder_version=\u00a0\u00bb4.16&Prime; _module_preset=\u00a0\u00bbdefault\u00a0\u00bb global_colors_info=\u00a0\u00bb{}\u00a0\u00bb][et_pb_text _builder_version=\u00a0\u00bb4.23.1&Prime; _module_preset=\u00a0\u00bbdefault\u00a0\u00bb custom_padding=\u00a0\u00bb5px|||||\u00a0\u00bb global_colors_info=\u00a0\u00bb{}\u00a0\u00bb]<\/p>\n<h2 style=\"text-align: center;\"><strong><span style=\"font-size: xx-large;\">Protection des sauvegardes industrielles<\/span><\/strong><\/h2>\n<p style=\"text-align: justify;\">\n<p style=\"text-align: justify;\">\n<h3 style=\"text-align: justify;\"><span class=\"markedContent\" style=\"font-size: large; color: rgba(51, 51, 51, 0.74);\"><span style=\"font-size: medium;\"><span style=\"left: 94.8252px; top: 399.784px; font-family: sans-serif; transform: scaleX(1.1032);\" role=\"presentation\" dir=\"ltr\"><\/span><\/span><\/span><\/h3>\n<h3 style=\"text-align: justify;\"><span style=\"font-family: inherit; font-weight: normal; font-size: medium;\"><span class=\"markedContent\" style=\"color: rgba(51, 51, 51, 0.74);\"><span style=\"left: 94.8252px; top: 399.784px; transform: scaleX(1.1032);\" role=\"presentation\" dir=\"ltr\"><\/span><\/span><\/span><\/h3>\n<h3 style=\"text-align: justify;\"><span style=\"font-family: inherit; font-weight: normal; font-size: medium;\"><span class=\"markedContent\" style=\"color: rgba(51, 51, 51, 0.74);\"><span style=\"left: 94.8252px; top: 399.784px; transform: scaleX(1.1032);\" role=\"presentation\" dir=\"ltr\"><\/span><\/span><\/span><\/h3>\n<p data-start=\"206\" data-end=\"435\"><span style=\"font-size: large;\">Les sauvegardes sont un \u00e9l\u00e9ment cl\u00e9 de votre plan de continuit\u00e9. Elles assurent la reprise rapide de vos syst\u00e8mes de pilotage, de supervision ou de production apr\u00e8s une cyberattaque.<\/span><\/p>\n<p data-start=\"437\" data-end=\"616\"><span style=\"font-size: large;\">Ces sauvegardes contiennent des donn\u00e9es techniques et op\u00e9rationnelles critiques. Si elles sont compromises, c\u2019est l\u2019ensemble de votre cha\u00eene de production qui peut \u00eatre paralys\u00e9e.<\/span><\/p>\n<p data-start=\"618\" data-end=\"861\"><span style=\"font-size: large;\"><strong data-start=\"618\" data-end=\"637\">Digital Air Gap<\/strong> permet de s\u00e9curiser vos sauvegardes ultimes en les pla\u00e7ant hors ligne, les rendant ainsi inaccessibles aux attaques.<\/span><br data-start=\"754\" data-end=\"757\" \/><span style=\"font-size: large;\">Notre solution offre un cloisonnement physique fiable et durable, adapt\u00e9 aux environnements industriels.<\/span><\/p>\n<p>&nbsp;<\/p>\n<p>[\/et_pb_text][et_pb_image src=\u00a0\u00bbhttps:\/\/www.arc-data-shield.fr\/wp-content\/uploads\/2023\/12\/Protection-back-up-detaille.png\u00a0\u00bb title_text=\u00a0\u00bbProtection des sauvegardes\u00a0\u00bb align=\u00a0\u00bbcenter\u00a0\u00bb _builder_version=\u00a0\u00bb4.27.4&Prime; _module_preset=\u00a0\u00bbdefault\u00a0\u00bb custom_margin=\u00a0\u00bb|-16px|44px|||\u00a0\u00bb custom_margin_tablet=\u00a0\u00bb1px|1px|10px|1px|false|false\u00a0\u00bb custom_margin_phone=\u00a0\u00bb||||false|false\u00a0\u00bb custom_margin_last_edited=\u00a0\u00bbon|phone\u00a0\u00bb custom_padding=\u00a0\u00bb7px|80px||80px||\u00a0\u00bb custom_padding_tablet=\u00a0\u00bb7px|80px||80px||\u00a0\u00bb custom_padding_phone=\u00a0\u00bb7px|10px|10px|10px|false|false\u00a0\u00bb custom_padding_last_edited=\u00a0\u00bbon|tablet\u00a0\u00bb global_colors_info=\u00a0\u00bb{}\u00a0\u00bb][\/et_pb_image][et_pb_text _builder_version=\u00a0\u00bb4.27.4&Prime; _module_preset=\u00a0\u00bbdefault\u00a0\u00bb text_line_height=\u00a0\u00bb1.8em\u00a0\u00bb background_color=\u00a0\u00bb#2b0091&Prime; width=\u00a0\u00bb100%\u00a0\u00bb max_width=\u00a0\u00bb100%\u00a0\u00bb height=\u00a0\u00bb236px\u00a0\u00bb max_height=\u00a0\u00bb1000px\u00a0\u00bb custom_margin=\u00a0\u00bb0px||||false|false\u00a0\u00bb custom_padding=\u00a0\u00bb||228px|||\u00a0\u00bb border_radii=\u00a0\u00bbon|10px|10px|10px|10px\u00a0\u00bb global_colors_info=\u00a0\u00bb{}\u00a0\u00bb]<\/p>\n<p style=\"text-align: right;\"><span style=\"color: #ffffff;\"><em><\/em><\/span><\/p>\n<p style=\"text-align: center;\"><span style=\"color: #ffffff;\"><strong><em>Retour exp\u00e9rience client :<\/em><\/strong><\/span><\/p>\n<p style=\"text-align: center;\"><span style=\"color: #ffffff;\"><em>\u00ab\u00a0<\/em><em> Notre r<\/em><em>etour sur la mise en \u0153uvre de l\u2019Appliance Digital Air Gap en version Sauvegarde dans l&rsquo;architecture de notre SI est tr\u00e8s positive. Avant, nous n\u2019avions aucune certitude en cas d\u2019attaque par ransomware que nos sauvegardes soient prot\u00e9g\u00e9s et isol\u00e9s. De plus nos sauvegardes pouvaient \u00eatre indisponible. Aujourd&rsquo;hui gr\u00e2ce \u00e0 la solution ARC Data Shield, nous avons la certitude que nos sauvegardes sont disponible tout en \u00e9tant inaccessible aux attaques par ransomware. Nos tests de rem\u00e9diations ont montr\u00e9 que nous pouvons restaurer nos syst\u00e8mes et reprendre nos activit\u00e9s plus rapidement que pr\u00e9c\u00e9demment. De quoi pr\u00e9server notre chiffre d&rsquo;affaire et conserver la confiance de nos clients dans notre disponibilit\u00e9 \u00e0 r\u00e9pondre \u00e0 leurs attente.\u00a0\u00bb<\/em><\/span><\/p>\n<p style=\"text-align: center;\"><span style=\"color: #ffffff;\">RSSI &#8211; groupe de distribution fran\u00e7ais de 800 personnes avec un Chiffre d&rsquo;Affaire de 600M\u20ac.<\/span><\/p>\n<p>[\/et_pb_text][et_pb_text _builder_version=\u00a0\u00bb4.27.0&Prime; _module_preset=\u00a0\u00bbdefault\u00a0\u00bb text_font_size=\u00a0\u00bb25px\u00a0\u00bb text_letter_spacing=\u00a0\u00bb5px\u00a0\u00bb custom_padding=\u00a0\u00bb105px||10px|||\u00a0\u00bb global_colors_info=\u00a0\u00bb{}\u00a0\u00bb]<\/p>\n<p>Exemple restauration apr\u00e8s une attaque ran\u00e7ongiciel :<\/p>\n<p>[\/et_pb_text][et_pb_video src=\u00a0\u00bbhttps:\/\/www.arc-data-shield.fr\/wp-content\/uploads\/2024\/07\/Infographie-fonctionnement-DAG_3.mp4&Prime; _builder_version=\u00a0\u00bb4.27.0&Prime; _module_preset=\u00a0\u00bbdefault\u00a0\u00bb global_colors_info=\u00a0\u00bb{}\u00a0\u00bb][\/et_pb_video][\/et_pb_column][\/et_pb_row][\/et_pb_section][et_pb_section fb_built=\u00a0\u00bb1&Prime; _builder_version=\u00a0\u00bb4.16&Prime; _module_preset=\u00a0\u00bbdefault\u00a0\u00bb custom_margin=\u00a0\u00bb||4px|||\u00a0\u00bb global_colors_info=\u00a0\u00bb{}\u00a0\u00bb][\/et_pb_section][et_pb_section fb_built=\u00a0\u00bb1&Prime; _builder_version=\u00a0\u00bb4.16&Prime; _module_preset=\u00a0\u00bbdefault\u00a0\u00bb custom_margin=\u00a0\u00bb||56px|||\u00a0\u00bb global_colors_info=\u00a0\u00bb{}\u00a0\u00bb][et_pb_row _builder_version=\u00a0\u00bb4.23.1&Prime; _module_preset=\u00a0\u00bbdefault\u00a0\u00bb global_colors_info=\u00a0\u00bb{}\u00a0\u00bb][et_pb_column type=\u00a0\u00bb4_4&Prime; _builder_version=\u00a0\u00bb4.23.1&Prime; _module_preset=\u00a0\u00bbdefault\u00a0\u00bb global_colors_info=\u00a0\u00bb{}\u00a0\u00bb][et_pb_text _builder_version=\u00a0\u00bb4.25.1&Prime; _module_preset=\u00a0\u00bbdefault\u00a0\u00bb custom_margin_tablet=\u00a0\u00bb\u00a0\u00bb custom_margin_phone=\u00a0\u00bb-124px||||false|false\u00a0\u00bb custom_margin_last_edited=\u00a0\u00bbon|phone\u00a0\u00bb global_colors_info=\u00a0\u00bb{}\u00a0\u00bb]<\/p>\n<h2 style=\"text-align: center;\">Comment vous \u00e9quiper ? Rencontrer nos int\u00e9grateurs partenaires ? Contactez-nous !<\/h2>\n<p>[\/et_pb_text][et_pb_button button_url=\u00a0\u00bbhttps:\/\/www.arc-data-shield.fr\/contact\/\u00a0\u00bb button_text=\u00a0\u00bbCONTACTEZ-NOUS !\u00a0\u00bb button_alignment=\u00a0\u00bbcenter\u00a0\u00bb _builder_version=\u00a0\u00bb4.23.1&Prime; _module_preset=\u00a0\u00bbdefault\u00a0\u00bb custom_button=\u00a0\u00bbon\u00a0\u00bb button_text_size=\u00a0\u00bb16px\u00a0\u00bb global_colors_info=\u00a0\u00bb{}\u00a0\u00bb][\/et_pb_button][\/et_pb_column][\/et_pb_row][\/et_pb_section]<\/p>\n","protected":false},"excerpt":{"rendered":"<p>Besoin de s\u00e9curiser vos actifs industriels ? Digital Air Gap est une solution robuste qui assure un cloisonnement physique fiable et p\u00e9renne entre vos environnements sensibles et les r\u00e9seaux expos\u00e9s. Vous identifiez un risque croissant sur vos lignes de production, vos syst\u00e8mes automatis\u00e9s ou vos donn\u00e9es techniques ?Digital Air Gap s\u2019int\u00e8gre simplement dans votre architecture [&hellip;]<\/p>\n","protected":false},"author":1,"featured_media":0,"parent":0,"menu_order":3,"comment_status":"closed","ping_status":"closed","template":"","meta":{"_et_pb_use_builder":"on","_et_pb_old_content":"","_et_gb_content_width":"","footnotes":""},"class_list":["post-30459","page","type-page","status-publish","hentry"],"_links":{"self":[{"href":"https:\/\/www.arc-data-shield.fr\/en\/wp-json\/wp\/v2\/pages\/30459","targetHints":{"allow":["GET"]}}],"collection":[{"href":"https:\/\/www.arc-data-shield.fr\/en\/wp-json\/wp\/v2\/pages"}],"about":[{"href":"https:\/\/www.arc-data-shield.fr\/en\/wp-json\/wp\/v2\/types\/page"}],"author":[{"embeddable":true,"href":"https:\/\/www.arc-data-shield.fr\/en\/wp-json\/wp\/v2\/users\/1"}],"replies":[{"embeddable":true,"href":"https:\/\/www.arc-data-shield.fr\/en\/wp-json\/wp\/v2\/comments?post=30459"}],"version-history":[{"count":24,"href":"https:\/\/www.arc-data-shield.fr\/en\/wp-json\/wp\/v2\/pages\/30459\/revisions"}],"predecessor-version":[{"id":30716,"href":"https:\/\/www.arc-data-shield.fr\/en\/wp-json\/wp\/v2\/pages\/30459\/revisions\/30716"}],"wp:attachment":[{"href":"https:\/\/www.arc-data-shield.fr\/en\/wp-json\/wp\/v2\/media?parent=30459"}],"curies":[{"name":"wp","href":"https:\/\/api.w.org\/{rel}","templated":true}]}}