{"id":30460,"date":"2025-06-11T18:45:30","date_gmt":"2025-06-11T16:45:30","guid":{"rendered":"https:\/\/www.arc-data-shield.fr\/?page_id=30460"},"modified":"2025-06-29T00:33:20","modified_gmt":"2025-06-28T22:33:20","slug":"systeme-dinformation-it","status":"publish","type":"page","link":"https:\/\/www.arc-data-shield.fr\/en\/systeme-dinformation-it\/","title":{"rendered":"IT INFORMATION SYSTEM"},"content":{"rendered":"<p>[et_pb_section fb_built=\u00a0\u00bb1&Prime; fullwidth=\u00a0\u00bbon\u00a0\u00bb admin_label=\u00a0\u00bbSection\u00a0\u00bb _builder_version=\u00a0\u00bb4.27.4&Prime; background_enable_image=\u00a0\u00bboff\u00a0\u00bb custom_padding=\u00a0\u00bb0px|0px|0px|0px\u00a0\u00bb transparent_background=\u00a0\u00bboff\u00a0\u00bb make_fullwidth=\u00a0\u00bboff\u00a0\u00bb use_custom_width=\u00a0\u00bboff\u00a0\u00bb width_unit=\u00a0\u00bboff\u00a0\u00bb custom_width_px=\u00a0\u00bb1080px\u00a0\u00bb custom_width_percent=\u00a0\u00bb80%\u00a0\u00bb global_colors_info=\u00a0\u00bb{}\u00a0\u00bb][et_pb_fullwidth_slider _builder_version=\u00a0\u00bb4.27.4&Prime; _module_preset=\u00a0\u00bbdefault\u00a0\u00bb header_font=\u00a0\u00bb|||on|||||\u00a0\u00bb header_font_size=\u00a0\u00bb85px\u00a0\u00bb body_font_size=\u00a0\u00bb15px\u00a0\u00bb background_enable_image=\u00a0\u00bboff\u00a0\u00bb min_height=\u00a0\u00bb473.3px\u00a0\u00bb custom_margin=\u00a0\u00bb||-3px|||\u00a0\u00bb custom_padding=\u00a0\u00bb209px||58px|||\u00a0\u00bb animation_style=\u00a0\u00bbfade\u00a0\u00bb hover_enabled=\u00a0\u00bb0&Prime; global_colors_info=\u00a0\u00bb{}\u00a0\u00bb sticky_enabled=\u00a0\u00bb0&Prime;][et_pb_slide heading=\u00a0\u00bbSyst\u00e8me d\u2019information IT\u00a0\u00bb _builder_version=\u00a0\u00bb4.27.4&Prime; _module_preset=\u00a0\u00bbdefault\u00a0\u00bb header_level=\u00a0\u00bbh2&Prime; header_font=\u00a0\u00bb|||on|||||\u00a0\u00bb header_font_size=\u00a0\u00bb85px\u00a0\u00bb background_enable_color=\u00a0\u00bboff\u00a0\u00bb background_color_gradient_direction=\u00a0\u00bb331deg\u00a0\u00bb background_color_gradient_start=\u00a0\u00bb#0c1f3f\u00a0\u00bb background_color_gradient_end=\u00a0\u00bb#2e5cdb\u00a0\u00bb background_image=\u00a0\u00bbhttps:\/\/www.arc-data-shield.fr\/wp-content\/uploads\/2024\/01\/iStock-156966676-scaled.jpg\u00a0\u00bb background_enable_image=\u00a0\u00bbon\u00a0\u00bb text_orientation=\u00a0\u00bbcenter\u00a0\u00bb child_filter_saturate=\u00a0\u00bb101%\u00a0\u00bb hover_enabled=\u00a0\u00bb0&Prime; text_shadow_style=\u00a0\u00bbpreset3&Prime; global_colors_info=\u00a0\u00bb{}\u00a0\u00bb sticky_transition=\u00a0\u00bbon\u00a0\u00bb sticky_enabled=\u00a0\u00bb0&Prime;][\/et_pb_slide][\/et_pb_fullwidth_slider][\/et_pb_section][et_pb_section fb_built=\u00a0\u00bb1&Prime; admin_label=\u00a0\u00bbSection\u00a0\u00bb _builder_version=\u00a0\u00bb4.27.4&Prime; _module_preset=\u00a0\u00bbdefault\u00a0\u00bb background_color=\u00a0\u00bb#a01313&Prime; animation_style=\u00a0\u00bbfade\u00a0\u00bb animation_speed_curve=\u00a0\u00bbease-out\u00a0\u00bb hover_enabled=\u00a0\u00bb0&Prime; global_colors_info=\u00a0\u00bb{}\u00a0\u00bb sticky_enabled=\u00a0\u00bb0&Prime;][et_pb_row _builder_version=\u00a0\u00bb4.27.4&Prime; _module_preset=\u00a0\u00bbdefault\u00a0\u00bb global_colors_info=\u00a0\u00bb{}\u00a0\u00bb][et_pb_column type=\u00a0\u00bb4_4&Prime; _builder_version=\u00a0\u00bb4.23.1&Prime; _module_preset=\u00a0\u00bbdefault\u00a0\u00bb global_colors_info=\u00a0\u00bb{}\u00a0\u00bb][et_pb_text _builder_version=\u00a0\u00bb4.23.1&Prime; _module_preset=\u00a0\u00bbdefault\u00a0\u00bb text_font_size=\u00a0\u00bb16px\u00a0\u00bb text_orientation=\u00a0\u00bbcenter\u00a0\u00bb global_colors_info=\u00a0\u00bb{}\u00a0\u00bb]<\/p>\n<h2 style=\"text-align: center;\"><span style=\"font-size: xx-large;\"><strong><span style=\"color: #ffffff;\">Besoin de prot\u00e9ger vos actifs IT sensibles ?<\/span><\/strong><\/span><\/h2>\n<p><span style=\"font-size: xx-large;\"><strong><span style=\"color: #ffffff;\"><\/span><\/strong><\/span><\/p>\n<p data-start=\"134\" data-end=\"349\"><span style=\"color: #ffffff; font-size: large;\"><strong data-start=\"185\" data-end=\"204\">Digital Air Gap<\/strong> est une solution \u00e9prouv\u00e9e qui met en \u0153uvre un cloisonnement physique robuste et p\u00e9renne entre les zones sensibles et les environnements expos\u00e9s.<\/span><\/p>\n<p data-start=\"351\" data-end=\"628\"><span style=\"color: #ffffff; font-size: large;\">Vous identifiez un besoin croissant de s\u00e9curisation de vos donn\u00e9es critiques, de vos sauvegardes ou de vos infrastructures ?<\/span><br data-start=\"475\" data-end=\"478\" \/><span style=\"color: #ffffff; font-size: large;\">Digital Air Gap s\u2019int\u00e8gre simplement dans votre architecture et renforce la r\u00e9silience de votre syst\u00e8me d\u2019information, sans complexit\u00e9 op\u00e9rationnelle.<\/span><\/p>\n<p>&nbsp;<\/p>\n<p>[\/et_pb_text][\/et_pb_column][\/et_pb_row][et_pb_row column_structure=\u00a0\u00bb1_3,1_3,1_3&Prime; module_id=\u00a0\u00bb#protection-des-equipements-critiques\u00a0\u00bb _builder_version=\u00a0\u00bb4.27.4&Prime; _module_preset=\u00a0\u00bbdefault\u00a0\u00bb global_colors_info=\u00a0\u00bb{}\u00a0\u00bb][et_pb_column type=\u00a0\u00bb1_3&Prime; _builder_version=\u00a0\u00bb4.16&Prime; _module_preset=\u00a0\u00bbdefault\u00a0\u00bb global_colors_info=\u00a0\u00bb{}\u00a0\u00bb][et_pb_button button_url=\u00a0\u00bb#protection-des-sauvegardes\u00a0\u00bb button_text=\u00a0\u00bbProtection des sauvegardes\u00a0\u00bb button_alignment=\u00a0\u00bbcenter\u00a0\u00bb _builder_version=\u00a0\u00bb4.27.4&Prime; _module_preset=\u00a0\u00bbdefault\u00a0\u00bb custom_button=\u00a0\u00bbon\u00a0\u00bb button_text_size=\u00a0\u00bb22px\u00a0\u00bb background_layout=\u00a0\u00bbdark\u00a0\u00bb custom_margin=\u00a0\u00bb|||1px||\u00a0\u00bb custom_padding=\u00a0\u00bb||10px|||\u00a0\u00bb global_colors_info=\u00a0\u00bb{}\u00a0\u00bb][\/et_pb_button][\/et_pb_column][et_pb_column type=\u00a0\u00bb1_3&Prime; _builder_version=\u00a0\u00bb4.27.4&Prime; _module_preset=\u00a0\u00bbdefault\u00a0\u00bb global_colors_info=\u00a0\u00bb{}\u00a0\u00bb][et_pb_button button_url=\u00a0\u00bb#station-blanche-reseau\u00a0\u00bb button_text=\u00a0\u00bbUsage Station Blanche R\u00e9seau\u00a0\u00bb button_alignment=\u00a0\u00bbcenter\u00a0\u00bb _builder_version=\u00a0\u00bb4.27.4&Prime; _module_preset=\u00a0\u00bbdefault\u00a0\u00bb custom_button=\u00a0\u00bbon\u00a0\u00bb button_text_size=\u00a0\u00bb22px\u00a0\u00bb background_layout=\u00a0\u00bbdark\u00a0\u00bb custom_margin=\u00a0\u00bb|||1px||\u00a0\u00bb global_colors_info=\u00a0\u00bb{}\u00a0\u00bb][\/et_pb_button][\/et_pb_column][et_pb_column type=\u00a0\u00bb1_3&Prime; _builder_version=\u00a0\u00bb4.16&Prime; _module_preset=\u00a0\u00bbdefault\u00a0\u00bb global_colors_info=\u00a0\u00bb{}\u00a0\u00bb][et_pb_button button_url=\u00a0\u00bb#protection-des-reseaux-sensibles\u00a0\u00bb button_text=\u00a0\u00bbProtection des r\u00e9seaux sensibles\u00a0\u00bb button_alignment=\u00a0\u00bbcenter\u00a0\u00bb _builder_version=\u00a0\u00bb4.27.4&Prime; _module_preset=\u00a0\u00bbdefault\u00a0\u00bb custom_button=\u00a0\u00bbon\u00a0\u00bb button_text_size=\u00a0\u00bb22px\u00a0\u00bb background_layout=\u00a0\u00bbdark\u00a0\u00bb custom_margin=\u00a0\u00bb|||1px||\u00a0\u00bb global_colors_info=\u00a0\u00bb{}\u00a0\u00bb][\/et_pb_button][\/et_pb_column][\/et_pb_row][\/et_pb_section][et_pb_section fb_built=\u00a0\u00bb1&Prime; admin_label=\u00a0\u00bbSection\u00a0\u00bb _builder_version=\u00a0\u00bb4.27.4&Prime; _module_preset=\u00a0\u00bbdefault\u00a0\u00bb min_height=\u00a0\u00bb859px\u00a0\u00bb custom_margin=\u00a0\u00bb58px||4px|||\u00a0\u00bb custom_padding=\u00a0\u00bb0px|||||\u00a0\u00bb global_colors_info=\u00a0\u00bb{}\u00a0\u00bb][et_pb_row custom_padding_last_edited=\u00a0\u00bbon|phone\u00a0\u00bb module_id=\u00a0\u00bbprotection-des-sauvegardes\u00a0\u00bb _builder_version=\u00a0\u00bb4.27.4&Prime; _module_preset=\u00a0\u00bbdefault\u00a0\u00bb custom_margin_tablet=\u00a0\u00bb\u00a0\u00bb custom_margin_phone=\u00a0\u00bb-86px||||false|false\u00a0\u00bb custom_margin_last_edited=\u00a0\u00bbon|phone\u00a0\u00bb custom_padding=\u00a0\u00bb33px|||||\u00a0\u00bb custom_padding_tablet=\u00a0\u00bb\u00a0\u00bb custom_padding_phone=\u00a0\u00bb\u00a0\u00bb global_colors_info=\u00a0\u00bb{}\u00a0\u00bb][et_pb_column type=\u00a0\u00bb4_4&Prime; _builder_version=\u00a0\u00bb4.16&Prime; _module_preset=\u00a0\u00bbdefault\u00a0\u00bb global_colors_info=\u00a0\u00bb{}\u00a0\u00bb][et_pb_text _builder_version=\u00a0\u00bb4.23.1&Prime; _module_preset=\u00a0\u00bbdefault\u00a0\u00bb custom_margin=\u00a0\u00bb|||-2px||\u00a0\u00bb custom_padding=\u00a0\u00bb||76px|||\u00a0\u00bb global_colors_info=\u00a0\u00bb{}\u00a0\u00bb]<\/p>\n<h2 style=\"text-align: center;\"><strong><span style=\"font-size: xx-large;\">Protection des sauvegardes<\/span><\/strong><b><\/b><\/h2>\n<p style=\"text-align: justify;\">\n<p style=\"text-align: justify;\">\n<h3 style=\"text-align: justify;\"><span class=\"markedContent\" style=\"font-size: large; color: rgba(51, 51, 51, 0.74);\"><span style=\"font-size: medium;\"><span style=\"left: 94.8252px; top: 399.784px; font-family: sans-serif; transform: scaleX(1.1032);\" role=\"presentation\" dir=\"ltr\"><\/span><\/span><\/span><\/h3>\n<h3 style=\"text-align: justify;\"><span style=\"font-family: inherit; font-weight: normal; font-size: medium;\"><span class=\"markedContent\" style=\"color: rgba(51, 51, 51, 0.74);\"><span style=\"left: 94.8252px; top: 399.784px; transform: scaleX(1.1032);\" role=\"presentation\" dir=\"ltr\"><\/span><\/span><\/span><\/h3>\n<h3 style=\"text-align: justify;\"><span style=\"font-family: inherit; font-weight: normal; font-size: medium;\"><span class=\"markedContent\" style=\"color: rgba(51, 51, 51, 0.74);\"><span style=\"left: 94.8252px; top: 399.784px; transform: scaleX(1.1032);\" role=\"presentation\" dir=\"ltr\"><\/span><\/span><\/span><\/h3>\n<p data-start=\"169\" data-end=\"341\"><span style=\"font-size: large;\"><strong data-start=\"169\" data-end=\"243\">Les sauvegardes sont un pilier de votre plan de continuit\u00e9 d\u2019activit\u00e9.<\/strong><\/span><br data-start=\"243\" data-end=\"246\" \/><span style=\"font-size: large;\">Elles assurent la restauration rapide de vos syst\u00e8mes et de vos donn\u00e9es en cas de cyberattaque.<\/span><\/p>\n<p data-start=\"343\" data-end=\"491\"><span style=\"font-size: large;\">Mais ces sauvegardes contiennent des donn\u00e9es critiques, souvent cibl\u00e9es lors des attaques. Si elles sont compromises, la reprise devient incertaine.<\/span><\/p>\n<p data-start=\"493\" data-end=\"771\"><span style=\"font-size: large;\"><strong data-start=\"493\" data-end=\"512\">Digital Air Gap<\/strong> vous permet de s\u00e9curiser vos sauvegardes ultimes en les pla\u00e7ant hors ligne, et donc hors d\u2019atteinte.<\/span><br data-start=\"613\" data-end=\"616\" \/><span style=\"font-size: large;\">Notre solution met en \u0153uvre un cloisonnement physique efficace, facile \u00e0 int\u00e9grer, pour renforcer durablement la r\u00e9silience de votre syst\u00e8me d&rsquo;information.<\/span><\/p>\n<p>[\/et_pb_text][et_pb_image src=\u00a0\u00bbhttps:\/\/www.arc-data-shield.fr\/wp-content\/uploads\/2023\/12\/Protection-back-up-detaille.png\u00a0\u00bb title_text=\u00a0\u00bbProtection des sauvegardes\u00a0\u00bb align=\u00a0\u00bbcenter\u00a0\u00bb _builder_version=\u00a0\u00bb4.25.1&Prime; _module_preset=\u00a0\u00bbdefault\u00a0\u00bb custom_margin=\u00a0\u00bb|-16px|144px|||\u00a0\u00bb custom_margin_tablet=\u00a0\u00bb|-16px||||\u00a0\u00bb custom_margin_phone=\u00a0\u00bb-14px|-142px|5px|-155px|false|false\u00a0\u00bb custom_margin_last_edited=\u00a0\u00bbon|phone\u00a0\u00bb custom_padding=\u00a0\u00bb7px|80px||80px||\u00a0\u00bb custom_padding_tablet=\u00a0\u00bb7px|80px||80px||\u00a0\u00bb custom_padding_phone=\u00a0\u00bb7px|80px||80px||\u00a0\u00bb custom_padding_last_edited=\u00a0\u00bbon|phone\u00a0\u00bb global_colors_info=\u00a0\u00bb{}\u00a0\u00bb][\/et_pb_image][et_pb_text _builder_version=\u00a0\u00bb4.27.4&Prime; _module_preset=\u00a0\u00bbdefault\u00a0\u00bb text_line_height=\u00a0\u00bb1.8em\u00a0\u00bb background_color=\u00a0\u00bb#2b0091&Prime; width=\u00a0\u00bb100%\u00a0\u00bb max_width=\u00a0\u00bb100%\u00a0\u00bb height=\u00a0\u00bb236px\u00a0\u00bb max_height=\u00a0\u00bb1000px\u00a0\u00bb custom_margin=\u00a0\u00bb0px||||false|false\u00a0\u00bb border_radii=\u00a0\u00bbon|10px|10px|10px|10px\u00a0\u00bb global_colors_info=\u00a0\u00bb{}\u00a0\u00bb]<\/p>\n<p style=\"text-align: right;\"><span style=\"color: #ffffff;\"><em><\/em><\/span><\/p>\n<p style=\"text-align: center;\"><span style=\"color: #ffffff;\"><strong><em>Retour exp\u00e9rience client :<\/em><\/strong><\/span><\/p>\n<p style=\"text-align: center;\"><span style=\"color: #ffffff;\"><em>\u00ab\u00a0<\/em><em> Notre r<\/em><em>etour sur la mise en \u0153uvre de l\u2019Appliance Digital Air Gap en version Sauvegarde dans l&rsquo;architecture de notre SI est tr\u00e8s positive. Avant, nous n\u2019avions aucune certitude en cas d\u2019attaque par ransomware que nos sauvegardes soient prot\u00e9g\u00e9s et isol\u00e9s. De plus nos sauvegardes pouvaient \u00eatre indisponible. Aujourd&rsquo;hui gr\u00e2ce \u00e0 la solution ARC Data Shield, nous avons la certitude que nos sauvegardes sont disponible tout en \u00e9tant inaccessible aux attaques par ransomware. Nos tests de rem\u00e9diations ont montr\u00e9 que nous pouvons restaurer nos syst\u00e8mes et reprendre nos activit\u00e9s plus rapidement que pr\u00e9c\u00e9demment. De quoi pr\u00e9server notre chiffre d&rsquo;affaire et conserver la confiance de nos clients dans notre disponibilit\u00e9 \u00e0 r\u00e9pondre \u00e0 leurs attente.\u00a0\u00bb<\/em><\/span><\/p>\n<p style=\"text-align: center;\"><span style=\"color: #ffffff;\">RSSI &#8211; groupe de distribution fran\u00e7ais de 800 personnes avec un Chiffre d&rsquo;Affaire de 600M\u20ac.<\/span><\/p>\n<p>[\/et_pb_text][et_pb_text _builder_version=\u00a0\u00bb4.27.0&Prime; _module_preset=\u00a0\u00bbdefault\u00a0\u00bb text_font_size=\u00a0\u00bb25px\u00a0\u00bb text_letter_spacing=\u00a0\u00bb5px\u00a0\u00bb custom_margin=\u00a0\u00bb80px|||||\u00a0\u00bb custom_padding=\u00a0\u00bb0px||10px|||\u00a0\u00bb global_colors_info=\u00a0\u00bb{}\u00a0\u00bb]<\/p>\n<p>Exemple restauration apr\u00e8s une attaque ran\u00e7ongiciel :<\/p>\n<p>[\/et_pb_text][et_pb_video src=\u00a0\u00bbhttps:\/\/www.arc-data-shield.fr\/wp-content\/uploads\/2024\/07\/Infographie-fonctionnement-DAG_3.mp4&Prime; _builder_version=\u00a0\u00bb4.27.0&Prime; _module_preset=\u00a0\u00bbdefault\u00a0\u00bb global_colors_info=\u00a0\u00bb{}\u00a0\u00bb][\/et_pb_video][\/et_pb_column][\/et_pb_row][\/et_pb_section][et_pb_section fb_built=\u00a0\u00bb1&Prime; admin_label=\u00a0\u00bbSection\u00a0\u00bb _builder_version=\u00a0\u00bb4.27.4&Prime; _module_preset=\u00a0\u00bbdefault\u00a0\u00bb min_height=\u00a0\u00bb824px\u00a0\u00bb custom_margin=\u00a0\u00bb58px||-36px|||\u00a0\u00bb custom_padding=\u00a0\u00bb3px|||||\u00a0\u00bb link_option_url=\u00a0\u00bb#station-blanche-un-maillon-critique\u00a0\u00bb global_colors_info=\u00a0\u00bb{}\u00a0\u00bb][et_pb_row custom_padding_last_edited=\u00a0\u00bbon|phone\u00a0\u00bb module_id=\u00a0\u00bbstation-blanche-reseau\u00a0\u00bb _builder_version=\u00a0\u00bb4.27.4&Prime; _module_preset=\u00a0\u00bbdefault\u00a0\u00bb min_height=\u00a0\u00bb876px\u00a0\u00bb custom_margin_tablet=\u00a0\u00bb\u00a0\u00bb custom_margin_phone=\u00a0\u00bb-86px||||false|false\u00a0\u00bb custom_margin_last_edited=\u00a0\u00bbon|phone\u00a0\u00bb custom_padding=\u00a0\u00bb||3px|||\u00a0\u00bb custom_padding_tablet=\u00a0\u00bb\u00a0\u00bb custom_padding_phone=\u00a0\u00bb\u00a0\u00bb global_colors_info=\u00a0\u00bb{}\u00a0\u00bb][et_pb_column type=\u00a0\u00bb4_4&Prime; _builder_version=\u00a0\u00bb4.16&Prime; _module_preset=\u00a0\u00bbdefault\u00a0\u00bb global_colors_info=\u00a0\u00bb{}\u00a0\u00bb][et_pb_text _builder_version=\u00a0\u00bb4.27.4&Prime; _module_preset=\u00a0\u00bbdefault\u00a0\u00bb custom_margin=\u00a0\u00bb||114px|||\u00a0\u00bb custom_padding=\u00a0\u00bb8px|||||\u00a0\u00bb global_colors_info=\u00a0\u00bb{}\u00a0\u00bb]<\/p>\n<h2 style=\"text-align: center;\"><span style=\"font-size: xx-large;\"><strong>Station blanche r\u00e9seau<\/strong><\/span><\/h2>\n<h3><\/h3>\n<h3><span class=\"markedContent\" style=\"font-size: large; color: rgba(51, 51, 51, 0.74);\"><span style=\"font-size: medium;\"><span style=\"left: 94.8252px; top: 399.784px; font-family: sans-serif; transform: scaleX(1.1032);\" role=\"presentation\" dir=\"ltr\"><\/span><\/span><\/span><\/h3>\n<p data-start=\"209\" data-end=\"472\"><span style=\"font-size: large;\">les stations blanches sont indispensables pour s&rsquo;assurer que seuls les informations autoris\u00e9es et contr\u00f4l\u00e9es puissent \u00eatre \u00e9chang\u00e9es avec des r\u00e9seaux sensibles. <\/span><\/p>\n<p data-start=\"209\" data-end=\"472\"><span style=\"font-size: large;\">Seulement, r\u00e9aliser ses \u00e9changes au moyen de m\u00e9dias de transfert manuels tel que des cl\u00e9s USB ou disque-durs amovibles est aujourd&rsquo;hui beaucoup trop chronophage et source d&rsquo;erreurs humaines potentiellement compromettantes.<\/span><\/p>\n<p data-start=\"740\" data-end=\"876\"><span style=\"font-size: large;\">Notre solution garantit un cloisonnement durable, conforme aux exigences de s\u00e9curit\u00e9 des syst\u00e8mes d\u2019information classifi\u00e9s ou critiques.<\/span><\/p>\n<p>[\/et_pb_text][et_pb_image src=\u00a0\u00bbhttps:\/\/www.arc-data-shield.fr\/wp-content\/uploads\/2025\/06\/Station-blanche-reseau-scaled.png\u00a0\u00bb title_text=\u00a0\u00bbStation blanche reseau\u00a0\u00bb align=\u00a0\u00bbcenter\u00a0\u00bb force_fullwidth=\u00a0\u00bbon\u00a0\u00bb _builder_version=\u00a0\u00bb4.27.4&Prime; _module_preset=\u00a0\u00bbdefault\u00a0\u00bb min_height=\u00a0\u00bb351.2px\u00a0\u00bb custom_margin=\u00a0\u00bb-15px|||||\u00a0\u00bb custom_margin_tablet=\u00a0\u00bb-15px|||||\u00a0\u00bb custom_margin_phone=\u00a0\u00bb|5px||10px|false|false\u00a0\u00bb custom_margin_last_edited=\u00a0\u00bbon|phone\u00a0\u00bb custom_padding=\u00a0\u00bb|60px|0px|60px|false|false\u00a0\u00bb custom_padding_tablet=\u00a0\u00bb|215px|0px|215px|false|false\u00a0\u00bb custom_padding_phone=\u00a0\u00bb|10px|70px|15px|false|false\u00a0\u00bb custom_padding_last_edited=\u00a0\u00bbon|phone\u00a0\u00bb global_colors_info=\u00a0\u00bb{}\u00a0\u00bb][\/et_pb_image][\/et_pb_column][\/et_pb_row][\/et_pb_section][et_pb_section fb_built=\u00a0\u00bb1&Prime; _builder_version=\u00a0\u00bb4.27.4&Prime; _module_preset=\u00a0\u00bbdefault\u00a0\u00bb custom_margin=\u00a0\u00bb48px||4px|||\u00a0\u00bb custom_padding=\u00a0\u00bb29px|||||\u00a0\u00bb global_colors_info=\u00a0\u00bb{}\u00a0\u00bb][et_pb_row module_id=\u00a0\u00bbprotection-des-reseaux-sensibles\u00a0\u00bb _builder_version=\u00a0\u00bb4.27.4&Prime; _module_preset=\u00a0\u00bbdefault\u00a0\u00bb global_colors_info=\u00a0\u00bb{}\u00a0\u00bb][et_pb_column type=\u00a0\u00bb4_4&Prime; _builder_version=\u00a0\u00bb4.16&Prime; _module_preset=\u00a0\u00bbdefault\u00a0\u00bb global_colors_info=\u00a0\u00bb{}\u00a0\u00bb][et_pb_text _builder_version=\u00a0\u00bb4.25.1&Prime; _module_preset=\u00a0\u00bbdefault\u00a0\u00bb custom_margin_tablet=\u00a0\u00bb\u00a0\u00bb custom_margin_phone=\u00a0\u00bb-150px||||false|false\u00a0\u00bb custom_margin_last_edited=\u00a0\u00bbon|phone\u00a0\u00bb custom_padding=\u00a0\u00bb1px|||||\u00a0\u00bb custom_padding_tablet=\u00a0\u00bb\u00a0\u00bb custom_padding_phone=\u00a0\u00bb\u00a0\u00bb custom_padding_last_edited=\u00a0\u00bbon|phone\u00a0\u00bb inline_fonts=\u00a0\u00bbABeeZee\u00a0\u00bb global_colors_info=\u00a0\u00bb{}\u00a0\u00bb]<\/p>\n<h2 style=\"text-align: center;\"><span style=\"font-size: xx-large;\"><strong>Protection des r\u00e9seaux sensibles<\/strong><\/span><\/h2>\n<h3><span class=\"markedContent\" style=\"font-size: large; color: rgba(51, 51, 51, 0.74);\"><span style=\"left: 94.8252px; top: 399.784px; font-family: sans-serif; transform: scaleX(1.1032);\" role=\"presentation\" dir=\"ltr\"><\/span><\/span><\/h3>\n<h3><span class=\"markedContent\" style=\"font-size: large; color: rgba(51, 51, 51, 0.74);\"><span style=\"left: 94.8252px; top: 399.784px; font-family: sans-serif; transform: scaleX(1.1032);\" role=\"presentation\" dir=\"ltr\"><\/span><\/span><\/h3>\n<h3><span class=\"markedContent\" style=\"font-size: large; color: rgba(51, 51, 51, 0.74);\"><span style=\"font-size: medium;\"><span style=\"left: 94.8252px; top: 399.784px; font-family: sans-serif; transform: scaleX(1.1032);\" role=\"presentation\" dir=\"ltr\"><\/span><\/span><\/span><\/h3>\n<h3><span class=\"markedContent\" style=\"font-size: large; color: rgba(51, 51, 51, 0.74);\"><span style=\"font-size: medium;\"><span style=\"left: 94.8252px; top: 399.784px; font-family: sans-serif; transform: scaleX(1.1032);\" role=\"presentation\" dir=\"ltr\"><\/span><\/span><\/span><\/h3>\n<p data-start=\"177\" data-end=\"375\"><span style=\"font-size: large;\"><strong data-start=\"177\" data-end=\"250\">Vos services \u00e0 forte valeur ajout\u00e9e manipulent des donn\u00e9es sensibles.<\/strong><\/span><br data-start=\"250\" data-end=\"253\" \/><span style=\"font-size: large;\">Qu\u2019il s\u2019agisse de la R&amp;D, de la strat\u00e9gie ou de projets confidentiels, la protection de ces informations est un enjeu cl\u00e9.<\/span><\/p>\n<p data-start=\"377\" data-end=\"645\"><span style=\"font-size: large;\"><strong data-start=\"377\" data-end=\"396\">Digital Air Gap<\/strong> vous permet de s\u00e9curiser durablement vos environnements critiques.<\/span><br data-start=\"463\" data-end=\"466\" \/><span style=\"font-size: large;\">Install\u00e9e au c\u0153ur de votre syst\u00e8me d\u2019information, notre appliance assure un cloisonnement mat\u00e9riel efficace, garantissant une isolation permanente face aux attaques protocolaires.<\/span><\/p>\n<p style=\"text-align: justify;\"><span class=\"markedContent\" style=\"font-size: medium; color: rgba(51, 51, 51, 0.74);\"><span style=\"left: 94.8252px; top: 399.784px; font-family: sans-serif; transform: scaleX(1.1032);\" role=\"presentation\" dir=\"ltr\"><\/span><\/span><\/p>\n<p>[\/et_pb_text][et_pb_image src=\u00a0\u00bbhttps:\/\/www.arc-data-shield.fr\/wp-content\/uploads\/2023\/12\/Protection-RD.png\u00a0\u00bb title_text=\u00a0\u00bbProtection des r\u00e9seaux sensibles\u00a0\u00bb align=\u00a0\u00bbcenter\u00a0\u00bb _builder_version=\u00a0\u00bb4.25.1&Prime; _module_preset=\u00a0\u00bbdefault\u00a0\u00bb custom_margin=\u00a0\u00bb-15px|||||\u00a0\u00bb custom_margin_tablet=\u00a0\u00bb-15px|||||\u00a0\u00bb custom_margin_phone=\u00a0\u00bb|-247px||-233px|false|false\u00a0\u00bb custom_margin_last_edited=\u00a0\u00bbon|phone\u00a0\u00bb custom_padding=\u00a0\u00bb|215px|0px|215px|false|false\u00a0\u00bb custom_padding_tablet=\u00a0\u00bb|215px|0px|215px|false|false\u00a0\u00bb custom_padding_phone=\u00a0\u00bb|215px|0px|215px|false|false\u00a0\u00bb custom_padding_last_edited=\u00a0\u00bbon|phone\u00a0\u00bb global_colors_info=\u00a0\u00bb{}\u00a0\u00bb][\/et_pb_image][\/et_pb_column][\/et_pb_row][\/et_pb_section][et_pb_section fb_built=\u00a0\u00bb1&Prime; _builder_version=\u00a0\u00bb4.16&Prime; _module_preset=\u00a0\u00bbdefault\u00a0\u00bb custom_margin=\u00a0\u00bb||56px|||\u00a0\u00bb global_colors_info=\u00a0\u00bb{}\u00a0\u00bb][et_pb_row _builder_version=\u00a0\u00bb4.23.1&Prime; _module_preset=\u00a0\u00bbdefault\u00a0\u00bb global_colors_info=\u00a0\u00bb{}\u00a0\u00bb][et_pb_column type=\u00a0\u00bb4_4&Prime; _builder_version=\u00a0\u00bb4.23.1&Prime; _module_preset=\u00a0\u00bbdefault\u00a0\u00bb global_colors_info=\u00a0\u00bb{}\u00a0\u00bb][et_pb_text _builder_version=\u00a0\u00bb4.25.1&Prime; _module_preset=\u00a0\u00bbdefault\u00a0\u00bb custom_margin_tablet=\u00a0\u00bb\u00a0\u00bb custom_margin_phone=\u00a0\u00bb-124px||||false|false\u00a0\u00bb custom_margin_last_edited=\u00a0\u00bbon|phone\u00a0\u00bb global_colors_info=\u00a0\u00bb{}\u00a0\u00bb]<\/p>\n<h2 style=\"text-align: center;\">Comment vous \u00e9quiper ? Rencontrer nos int\u00e9grateurs partenaires ? Contactez-nous !<\/h2>\n<p>[\/et_pb_text][et_pb_button button_url=\u00a0\u00bbhttps:\/\/www.arc-data-shield.fr\/contact\/\u00a0\u00bb button_text=\u00a0\u00bbCONTACTEZ-NOUS !\u00a0\u00bb button_alignment=\u00a0\u00bbcenter\u00a0\u00bb _builder_version=\u00a0\u00bb4.23.1&Prime; _module_preset=\u00a0\u00bbdefault\u00a0\u00bb custom_button=\u00a0\u00bbon\u00a0\u00bb button_text_size=\u00a0\u00bb16px\u00a0\u00bb global_colors_info=\u00a0\u00bb{}\u00a0\u00bb][\/et_pb_button][\/et_pb_column][\/et_pb_row][\/et_pb_section]<\/p>\n","protected":false},"excerpt":{"rendered":"<p>Besoin de prot\u00e9ger vos actifs IT sensibles ? Digital Air Gap est une solution \u00e9prouv\u00e9e qui met en \u0153uvre un cloisonnement physique robuste et p\u00e9renne entre les zones sensibles et les environnements expos\u00e9s. Vous identifiez un besoin croissant de s\u00e9curisation de vos donn\u00e9es critiques, de vos sauvegardes ou de vos infrastructures ?Digital Air Gap s\u2019int\u00e8gre [&hellip;]<\/p>\n","protected":false},"author":1,"featured_media":0,"parent":0,"menu_order":3,"comment_status":"closed","ping_status":"closed","template":"","meta":{"_et_pb_use_builder":"on","_et_pb_old_content":"","_et_gb_content_width":"","footnotes":""},"class_list":["post-30460","page","type-page","status-publish","hentry"],"_links":{"self":[{"href":"https:\/\/www.arc-data-shield.fr\/en\/wp-json\/wp\/v2\/pages\/30460","targetHints":{"allow":["GET"]}}],"collection":[{"href":"https:\/\/www.arc-data-shield.fr\/en\/wp-json\/wp\/v2\/pages"}],"about":[{"href":"https:\/\/www.arc-data-shield.fr\/en\/wp-json\/wp\/v2\/types\/page"}],"author":[{"embeddable":true,"href":"https:\/\/www.arc-data-shield.fr\/en\/wp-json\/wp\/v2\/users\/1"}],"replies":[{"embeddable":true,"href":"https:\/\/www.arc-data-shield.fr\/en\/wp-json\/wp\/v2\/comments?post=30460"}],"version-history":[{"count":52,"href":"https:\/\/www.arc-data-shield.fr\/en\/wp-json\/wp\/v2\/pages\/30460\/revisions"}],"predecessor-version":[{"id":30733,"href":"https:\/\/www.arc-data-shield.fr\/en\/wp-json\/wp\/v2\/pages\/30460\/revisions\/30733"}],"wp:attachment":[{"href":"https:\/\/www.arc-data-shield.fr\/en\/wp-json\/wp\/v2\/media?parent=30460"}],"curies":[{"name":"wp","href":"https:\/\/api.w.org\/{rel}","templated":true}]}}